{"id":2478,"date":"2023-12-08T18:28:05","date_gmt":"2023-12-08T17:28:05","guid":{"rendered":"https:\/\/3dn-nuisibles.fr\/?page_id=2478"},"modified":"2023-12-09T21:24:40","modified_gmt":"2023-12-09T20:24:40","slug":"mentions-legales-2","status":"publish","type":"page","link":"https:\/\/3dn-nuisibles.fr\/index.php\/mentions-legales-2\/","title":{"rendered":"Mentions l\u00e9gales"},"content":{"rendered":"\t\t<div data-elementor-type=\"wp-page\" data-elementor-id=\"2478\" class=\"elementor elementor-2478\">\n\t\t\t\t<div class=\"elementor-element elementor-element-14220239 e-flex e-con-boxed wpr-particle-no wpr-jarallax-no wpr-parallax-no wpr-sticky-section-no wpr-equal-height-no e-con e-parent\" data-id=\"14220239\" data-element_type=\"container\" data-e-type=\"container\">\n\t\t\t\t\t<div class=\"e-con-inner\">\n\t\t\t\t<div class=\"elementor-element elementor-element-4f675a74 elementor-widget elementor-widget-text-editor\" data-id=\"4f675a74\" data-element_type=\"widget\" data-e-type=\"widget\" data-widget_type=\"text-editor.default\">\n\t\t\t\t<div class=\"elementor-widget-container\">\n\t\t\t\t\t\t\t\t\t<p><\/p>\n<h1 class=\"wp-block-heading\">MENTIONS L\u00c9GALES<\/h1>\n<div>\u00a0<\/div>\n<div>\u00a0<\/div>\n<div>\u00a0<\/div>\n<p><\/p>\n<p><\/p>\n<ul class=\"wp-block-list\">\n<li style=\"list-style-type: none;\">\n<ul><\/ul>\n<\/li>\n<\/ul>\n<ul>\n<li style=\"list-style-type: none;\">\n<ul>\n<li><strong>Identit\u00e9 de l\u2019entreprise :<\/strong><\/li>\n<\/ul>\n<\/li>\n<\/ul>\n<p><\/p>\n<p><\/p>\n<ul>\n<li style=\"list-style-type: none;\">\n<ul>\n<li>3DN SERVICES<\/li>\n<\/ul>\n<\/li>\n<\/ul>\n<p><\/p>\n<p><\/p>\n<ul>\n<li style=\"list-style-type: none;\">\n<ul>\n<li>Entreprise Individuelle Alexandre Taylor<\/li>\n<\/ul>\n<\/li>\n<\/ul>\n<p><\/p>\n<p><\/p>\n<ul>\n<li style=\"list-style-type: none;\">\n<ul>\n<li>Num\u00e9ro de SIRET: 890 680 333 00022<\/li>\n<\/ul>\n<\/li>\n<\/ul>\n<p><\/p>\n<p><\/p>\n<ul>\n<li style=\"list-style-type: none;\">\n<ul>\n<li>Mail: at.3dn-nuisibles@outlook.fr<\/li>\n<\/ul>\n<\/li>\n<\/ul>\n<p><\/p>\n<p><\/p>\n<ul>\n<li style=\"list-style-type: none;\">\n<ul>\n<li>Mail Secondaire: at.3dnservices@outlook.fr<\/li>\n<\/ul>\n<\/li>\n<\/ul>\n<p><\/p>\n<p><\/p>\n<ul>\n<li style=\"list-style-type: none;\">\n<ul>\n<li>Num\u00e9ro de t\u00e9l\u00e9phone: 0699812660<\/li>\n<\/ul>\n<\/li>\n<\/ul>\n<p><\/p>\n<p><\/p>\n<ul>\n<li style=\"list-style-type: none;\">\n<ul>\n<li>Num\u00e9ro d\u2019identification \u00e0 la TVA: FR53890680333<\/li>\n<\/ul>\n<\/li>\n<\/ul>\n<p><\/p>\n<p><\/p>\n<p><\/p>\n<ul class=\"wp-block-list\">\n<li style=\"list-style-type: none;\">\n<ul><\/ul>\n<\/li>\n<\/ul>\n<ul>\n<li style=\"list-style-type: none;\">\n<ul>\n<li><strong>Identit\u00e9 de l\u2019h\u00e9bergeur :<\/strong><\/li>\n<\/ul>\n<\/li>\n<\/ul>\n<p><\/p>\n<p><\/p>\n<ul>\n<li style=\"list-style-type: none;\">\n<ul>\n<li>HOSTINGER operations, UAB<\/li>\n<\/ul>\n<\/li>\n<\/ul>\n<p><\/p>\n<p><\/p>\n<ul>\n<li style=\"list-style-type: none;\">\n<ul>\n<li>Rue \u0160vitrigailos 34, 03230 Vilnius, Lituanie<\/li>\n<\/ul>\n<\/li>\n<\/ul>\n<p><\/p>\n<p><\/p>\n<ul>\n<li style=\"list-style-type: none;\">\n<ul>\n<li>T\u00e9l\u00e9phone : +37064503378<\/li>\n<\/ul>\n<\/li>\n<\/ul>\n<p><\/p>\n<p><\/p>\n<ul>\n<li style=\"list-style-type: none;\">\n<ul>\n<li>Email : <a href=\"mailto:domains@hostinger.com\" target=\"_blank\" rel=\"noreferrer noopener\">domains@hostinger.com<\/a><\/li>\n<\/ul>\n<\/li>\n<\/ul>\n<p><\/p>\n<p><\/p>\n<p><\/p>\n<ul class=\"wp-block-list\">\n<li style=\"list-style-type: none;\">\n<ul><\/ul>\n<\/li>\n<\/ul>\n<ul>\n<li style=\"list-style-type: none;\">\n<ul>\n<li><strong>Activit\u00e9 r\u00e9glement\u00e9e:<\/strong> soumise \u00e0 autorisation du Minist\u00e8re de la transition \u00e9nerg\u00e9tique et solidaire<\/li>\n<\/ul>\n<\/li>\n<\/ul>\n<p><\/p>\n<p><\/p>\n<ul>\n<li style=\"list-style-type: none;\">\n<ul>\n<li>Certibiocide n\u00b0 037501 donnant autorisation \u00e0 Mr Taylor Alexandre d&rsquo;utiliser certains types de produits biocides destin\u00e9s exclusivement aux professionnels. Document \u00e9tabli par le Directeur G\u00e9n\u00e9ral de la pr\u00e9vention des risques du Minist\u00e8re de la Transition \u00c9nerg\u00e9tique et Solidaire<\/li>\n<\/ul>\n<\/li>\n<\/ul>\n<p><\/p>\n<p><\/p>\t\t\t\t\t\t\t\t<\/div>\n\t\t\t\t<\/div>\n\t\t\t\t\t<\/div>\n\t\t\t\t<\/div>\n\t\t\t\t<\/div>\n\t\t","protected":false},"excerpt":{"rendered":"<p>MENTIONS L\u00c9GALES \u00a0 \u00a0 \u00a0<\/p>\n","protected":false},"author":1,"featured_media":0,"parent":0,"menu_order":0,"comment_status":"closed","ping_status":"closed","template":"","meta":{"site-sidebar-layout":"default","site-content-layout":"","ast-site-content-layout":"default","site-content-style":"default","site-sidebar-style":"default","ast-global-header-display":"","ast-banner-title-visibility":"","ast-main-header-display":"","ast-hfb-above-header-display":"","ast-hfb-below-header-display":"","ast-hfb-mobile-header-display":"","site-post-title":"","ast-breadcrumbs-content":"","ast-featured-img":"","footer-sml-layout":"","theme-transparent-header-meta":"","adv-header-id-meta":"","stick-header-meta":"","header-above-stick-meta":"","header-main-stick-meta":"","header-below-stick-meta":"","astra-migrate-meta-layouts":"set","ast-page-background-enabled":"default","ast-page-background-meta":{"desktop":{"background-color":"","background-image":"","background-repeat":"repeat","background-position":"center center","background-size":"auto","background-attachment":"scroll","background-type":"","background-media":"","overlay-type":"","overlay-color":"","overlay-gradient":""},"tablet":{"background-color":"","background-image":"","background-repeat":"repeat","background-position":"center center","background-size":"auto","background-attachment":"scroll","background-type":"","background-media":"","overlay-type":"","overlay-color":"","overlay-gradient":""},"mobile":{"background-color":"","background-image":"","background-repeat":"repeat","background-position":"center center","background-size":"auto","background-attachment":"scroll","background-type":"","background-media":"","overlay-type":"","overlay-color":"","overlay-gradient":""}},"ast-content-background-meta":{"desktop":{"background-color":"var(--ast-global-color-5)","background-image":"","background-repeat":"repeat","background-position":"center center","background-size":"auto","background-attachment":"scroll","background-type":"","background-media":"","overlay-type":"","overlay-color":"","overlay-gradient":""},"tablet":{"background-color":"var(--ast-global-color-5)","background-image":"","background-repeat":"repeat","background-position":"center center","background-size":"auto","background-attachment":"scroll","background-type":"","background-media":"","overlay-type":"","overlay-color":"","overlay-gradient":""},"mobile":{"background-color":"var(--ast-global-color-5)","background-image":"","background-repeat":"repeat","background-position":"center center","background-size":"auto","background-attachment":"scroll","background-type":"","background-media":"","overlay-type":"","overlay-color":"","overlay-gradient":""}},"footnotes":""},"class_list":["post-2478","page","type-page","status-publish","hentry"],"yoast_head":"<!-- This site is optimized with the Yoast SEO plugin v23.6 - https:\/\/yoast.com\/wordpress\/plugins\/seo\/ -->\n<title>Mentions l\u00e9gales - D\u00e9ratisation (rats-souris) sur Valence (26)<\/title>\n<meta name=\"robots\" content=\"index, follow, max-snippet:-1, max-image-preview:large, max-video-preview:-1\" \/>\n<link rel=\"canonical\" href=\"https:\/\/3dn-nuisibles.fr\/index.php\/mentions-legales-2\/\" \/>\n<meta property=\"og:locale\" content=\"fr_FR\" \/>\n<meta property=\"og:type\" content=\"article\" \/>\n<meta property=\"og:title\" content=\"Mentions l\u00e9gales - D\u00e9ratisation (rats-souris) sur Valence (26)\" \/>\n<meta property=\"og:description\" content=\"MENTIONS L\u00c9GALES \u00a0 \u00a0 \u00a0\" \/>\n<meta property=\"og:url\" content=\"https:\/\/3dn-nuisibles.fr\/index.php\/mentions-legales-2\/\" \/>\n<meta property=\"og:site_name\" content=\"D\u00e9ratisation (rats-souris) sur Valence (26)\" \/>\n<meta property=\"article:publisher\" content=\"https:\/\/www.facebook.com\/3dncontact\" \/>\n<meta property=\"article:modified_time\" content=\"2023-12-09T20:24:40+00:00\" \/>\n<meta property=\"og:image\" content=\"https:\/\/3dn-nuisibles.fr\/wp-content\/uploads\/2023\/12\/cropped-cropped-387488598_1399555267585658_4164603674243078687_n.jpg\" \/>\n\t<meta property=\"og:image:width\" content=\"512\" \/>\n\t<meta property=\"og:image:height\" content=\"414\" \/>\n\t<meta property=\"og:image:type\" content=\"image\/jpeg\" \/>\n<meta name=\"twitter:card\" content=\"summary_large_image\" \/>\n<meta name=\"twitter:label1\" content=\"Dur\u00e9e de lecture estim\u00e9e\" \/>\n\t<meta name=\"twitter:data1\" content=\"1 minute\" \/>\n<script type=\"application\/ld+json\" class=\"yoast-schema-graph\">{\"@context\":\"https:\/\/schema.org\",\"@graph\":[{\"@type\":\"WebPage\",\"@id\":\"https:\/\/3dn-nuisibles.fr\/index.php\/mentions-legales-2\/\",\"url\":\"https:\/\/3dn-nuisibles.fr\/index.php\/mentions-legales-2\/\",\"name\":\"Mentions l\u00e9gales - D\u00e9ratisation (rats-souris) sur Valence (26)\",\"isPartOf\":{\"@id\":\"https:\/\/3dn-nuisibles.fr\/#website\"},\"datePublished\":\"2023-12-08T17:28:05+00:00\",\"dateModified\":\"2023-12-09T20:24:40+00:00\",\"breadcrumb\":{\"@id\":\"https:\/\/3dn-nuisibles.fr\/index.php\/mentions-legales-2\/#breadcrumb\"},\"inLanguage\":\"fr-FR\",\"potentialAction\":[{\"@type\":\"ReadAction\",\"target\":[\"https:\/\/3dn-nuisibles.fr\/index.php\/mentions-legales-2\/\"]}]},{\"@type\":\"BreadcrumbList\",\"@id\":\"https:\/\/3dn-nuisibles.fr\/index.php\/mentions-legales-2\/#breadcrumb\",\"itemListElement\":[{\"@type\":\"ListItem\",\"position\":1,\"name\":\"Accueil\",\"item\":\"https:\/\/3dn-nuisibles.fr\/\"},{\"@type\":\"ListItem\",\"position\":2,\"name\":\"Mentions l\u00e9gales\"}]},{\"@type\":\"WebSite\",\"@id\":\"https:\/\/3dn-nuisibles.fr\/#website\",\"url\":\"https:\/\/3dn-nuisibles.fr\/\",\"name\":\"D\u00e9ratisation (rats-souris) sur Valence (26)\",\"description\":\"Traitement Nuisibles D\u00e9ratisation sur Valence et Mont\u00e9limar\",\"publisher\":{\"@id\":\"https:\/\/3dn-nuisibles.fr\/#organization\"},\"potentialAction\":[{\"@type\":\"SearchAction\",\"target\":{\"@type\":\"EntryPoint\",\"urlTemplate\":\"https:\/\/3dn-nuisibles.fr\/?s={search_term_string}\"},\"query-input\":{\"@type\":\"PropertyValueSpecification\",\"valueRequired\":true,\"valueName\":\"search_term_string\"}}],\"inLanguage\":\"fr-FR\"},{\"@type\":\"Organization\",\"@id\":\"https:\/\/3dn-nuisibles.fr\/#organization\",\"name\":\"3DN Nuisibles D\u00e9ratisation (rats-souris) sur Valence (26)\",\"url\":\"https:\/\/3dn-nuisibles.fr\/\",\"logo\":{\"@type\":\"ImageObject\",\"inLanguage\":\"fr-FR\",\"@id\":\"https:\/\/3dn-nuisibles.fr\/#\/schema\/logo\/image\/\",\"url\":\"https:\/\/3dn-nuisibles.fr\/wp-content\/uploads\/2023\/12\/cropped-cropped-387488598_1399555267585658_4164603674243078687_n.jpg\",\"contentUrl\":\"https:\/\/3dn-nuisibles.fr\/wp-content\/uploads\/2023\/12\/cropped-cropped-387488598_1399555267585658_4164603674243078687_n.jpg\",\"width\":512,\"height\":414,\"caption\":\"3DN Nuisibles D\u00e9ratisation (rats-souris) sur Valence (26)\"},\"image\":{\"@id\":\"https:\/\/3dn-nuisibles.fr\/#\/schema\/logo\/image\/\"},\"sameAs\":[\"https:\/\/www.facebook.com\/3dncontact\"]}]}<\/script>\n<!-- \/ Yoast SEO plugin. -->","yoast_head_json":{"title":"Mentions l\u00e9gales - D\u00e9ratisation (rats-souris) sur Valence (26)","robots":{"index":"index","follow":"follow","max-snippet":"max-snippet:-1","max-image-preview":"max-image-preview:large","max-video-preview":"max-video-preview:-1"},"canonical":"https:\/\/3dn-nuisibles.fr\/index.php\/mentions-legales-2\/","og_locale":"fr_FR","og_type":"article","og_title":"Mentions l\u00e9gales - D\u00e9ratisation (rats-souris) sur Valence (26)","og_description":"MENTIONS L\u00c9GALES \u00a0 \u00a0 \u00a0","og_url":"https:\/\/3dn-nuisibles.fr\/index.php\/mentions-legales-2\/","og_site_name":"D\u00e9ratisation (rats-souris) sur Valence (26)","article_publisher":"https:\/\/www.facebook.com\/3dncontact","article_modified_time":"2023-12-09T20:24:40+00:00","og_image":[{"width":512,"height":414,"url":"https:\/\/3dn-nuisibles.fr\/wp-content\/uploads\/2023\/12\/cropped-cropped-387488598_1399555267585658_4164603674243078687_n.jpg","type":"image\/jpeg"}],"twitter_card":"summary_large_image","twitter_misc":{"Dur\u00e9e de lecture estim\u00e9e":"1 minute"},"schema":{"@context":"https:\/\/schema.org","@graph":[{"@type":"WebPage","@id":"https:\/\/3dn-nuisibles.fr\/index.php\/mentions-legales-2\/","url":"https:\/\/3dn-nuisibles.fr\/index.php\/mentions-legales-2\/","name":"Mentions l\u00e9gales - D\u00e9ratisation (rats-souris) sur Valence (26)","isPartOf":{"@id":"https:\/\/3dn-nuisibles.fr\/#website"},"datePublished":"2023-12-08T17:28:05+00:00","dateModified":"2023-12-09T20:24:40+00:00","breadcrumb":{"@id":"https:\/\/3dn-nuisibles.fr\/index.php\/mentions-legales-2\/#breadcrumb"},"inLanguage":"fr-FR","potentialAction":[{"@type":"ReadAction","target":["https:\/\/3dn-nuisibles.fr\/index.php\/mentions-legales-2\/"]}]},{"@type":"BreadcrumbList","@id":"https:\/\/3dn-nuisibles.fr\/index.php\/mentions-legales-2\/#breadcrumb","itemListElement":[{"@type":"ListItem","position":1,"name":"Accueil","item":"https:\/\/3dn-nuisibles.fr\/"},{"@type":"ListItem","position":2,"name":"Mentions l\u00e9gales"}]},{"@type":"WebSite","@id":"https:\/\/3dn-nuisibles.fr\/#website","url":"https:\/\/3dn-nuisibles.fr\/","name":"D\u00e9ratisation (rats-souris) sur Valence (26)","description":"Traitement Nuisibles D\u00e9ratisation sur Valence et Mont\u00e9limar","publisher":{"@id":"https:\/\/3dn-nuisibles.fr\/#organization"},"potentialAction":[{"@type":"SearchAction","target":{"@type":"EntryPoint","urlTemplate":"https:\/\/3dn-nuisibles.fr\/?s={search_term_string}"},"query-input":{"@type":"PropertyValueSpecification","valueRequired":true,"valueName":"search_term_string"}}],"inLanguage":"fr-FR"},{"@type":"Organization","@id":"https:\/\/3dn-nuisibles.fr\/#organization","name":"3DN Nuisibles D\u00e9ratisation (rats-souris) sur Valence (26)","url":"https:\/\/3dn-nuisibles.fr\/","logo":{"@type":"ImageObject","inLanguage":"fr-FR","@id":"https:\/\/3dn-nuisibles.fr\/#\/schema\/logo\/image\/","url":"https:\/\/3dn-nuisibles.fr\/wp-content\/uploads\/2023\/12\/cropped-cropped-387488598_1399555267585658_4164603674243078687_n.jpg","contentUrl":"https:\/\/3dn-nuisibles.fr\/wp-content\/uploads\/2023\/12\/cropped-cropped-387488598_1399555267585658_4164603674243078687_n.jpg","width":512,"height":414,"caption":"3DN Nuisibles D\u00e9ratisation (rats-souris) sur Valence (26)"},"image":{"@id":"https:\/\/3dn-nuisibles.fr\/#\/schema\/logo\/image\/"},"sameAs":["https:\/\/www.facebook.com\/3dncontact"]}]}},"_links":{"self":[{"href":"https:\/\/3dn-nuisibles.fr\/index.php\/wp-json\/wp\/v2\/pages\/2478"}],"collection":[{"href":"https:\/\/3dn-nuisibles.fr\/index.php\/wp-json\/wp\/v2\/pages"}],"about":[{"href":"https:\/\/3dn-nuisibles.fr\/index.php\/wp-json\/wp\/v2\/types\/page"}],"author":[{"embeddable":true,"href":"https:\/\/3dn-nuisibles.fr\/index.php\/wp-json\/wp\/v2\/users\/1"}],"replies":[{"embeddable":true,"href":"https:\/\/3dn-nuisibles.fr\/index.php\/wp-json\/wp\/v2\/comments?post=2478"}],"version-history":[{"count":14,"href":"https:\/\/3dn-nuisibles.fr\/index.php\/wp-json\/wp\/v2\/pages\/2478\/revisions"}],"predecessor-version":[{"id":2636,"href":"https:\/\/3dn-nuisibles.fr\/index.php\/wp-json\/wp\/v2\/pages\/2478\/revisions\/2636"}],"wp:attachment":[{"href":"https:\/\/3dn-nuisibles.fr\/index.php\/wp-json\/wp\/v2\/media?parent=2478"}],"curies":[{"name":"wp","href":"https:\/\/api.w.org\/{rel}","templated":true}]}}